{"id":64,"date":"2024-03-25T20:17:22","date_gmt":"2024-03-25T20:17:22","guid":{"rendered":"https:\/\/jbragrotech.com\/?page_id=64"},"modified":"2025-02-21T12:28:51","modified_gmt":"2025-02-21T12:28:51","slug":"contacto-2","status":"publish","type":"page","link":"https:\/\/jbragrotech.com\/index.php\/contacto-2\/","title":{"rendered":""},"content":{"rendered":"\n<h1 class=\"wp-block-heading has-text-align-left\" style=\"margin-top:var(--wp--preset--spacing--x-small);margin-right:var(--wp--preset--spacing--x-small);margin-bottom:var(--wp--preset--spacing--x-small);margin-left:var(--wp--preset--spacing--x-small)\">CONTACTO<\/h1>\n\n\n\n<div class=\"wp-block-group has-global-padding is-layout-constrained wp-block-group-is-layout-constrained\">\n<div class=\"wp-block-group has-global-padding is-layout-constrained wp-block-group-is-layout-constrained\"><\/div>\n\n\n<div class=\"frm_forms  with_frm_style frm_style_formidable-style\" id=\"frm_form_2_container\" data-token=\"0835341d4b7366a9390462a38e2142ea\">\n<form enctype=\"multipart\/form-data\" method=\"post\" class=\"frm-show-form \" id=\"form_contactenos\" data-token=\"0835341d4b7366a9390462a38e2142ea\">\n<div class=\"frm_form_fields \">\n<fieldset>\n<legend class=\"frm_screen_reader\">Cont\u00e1ctenos<\/legend>\r\n\r\n<div class=\"frm_fields_container\">\n<input type=\"hidden\" name=\"frm_action\" value=\"create\" \/>\n<input type=\"hidden\" name=\"form_id\" value=\"2\" \/>\n<input type=\"hidden\" name=\"frm_hide_fields_2\" id=\"frm_hide_fields_2\" value=\"\" \/>\n<input type=\"hidden\" name=\"form_key\" value=\"contactenos\" \/>\n<input type=\"hidden\" name=\"item_meta[0]\" value=\"\" \/>\n<input type=\"hidden\" id=\"frm_submit_entry_2\" name=\"frm_submit_entry_2\" value=\"fe00b64386\" \/><input type=\"hidden\" name=\"_wp_http_referer\" value=\"\/index.php\/wp-json\/wp\/v2\/pages\/64\" \/><div id=\"frm_field_6_container\" class=\"frm_form_field form-field  frm_required_field frm_top_container frm12 frm_first\">\r\n\t<label for=\"field_qh4icy2\" id=\"field_qh4icy2_label\" class=\"frm_primary_label\">Nombre y Apellidos\r\n\t\t<span class=\"frm_required\" aria-hidden=\"true\">*<\/span>\r\n\t<\/label>\r\n\t<input type=\"text\" id=\"field_qh4icy2\" name=\"item_meta[6]\" value=\"\"  data-reqmsg=\"Nombre y Apellidos cannot be blank.\" aria-required=\"true\" data-invmsg=\"Nombre y Apellidos is invalid\" aria-invalid=\"false\"  \/>\r\n\t\r\n\t\r\n<\/div>\n<div id=\"frm_field_12_container\" class=\"frm_form_field form-field  frm_required_field frm_top_container frm6 frm_first\">\r\n\t<label for=\"field_bqsf4\" id=\"field_bqsf4_label\" class=\"frm_primary_label\">M\u00f3vil\r\n\t\t<span class=\"frm_required\" aria-hidden=\"true\">*<\/span>\r\n\t<\/label>\r\n\t<input type=\"number\" id=\"field_bqsf4\" name=\"item_meta[12]\" value=\"\"  data-reqmsg=\"M\u00f3vil cannot be blank.\" aria-required=\"true\" data-invmsg=\"M\u00f3vil is invalid\" aria-invalid=\"false\"   min=\"0\" max=\"9999999999\" step=\"1\"\/>\r\n\t\r\n\t\r\n<\/div>\n<div id=\"frm_field_8_container\" class=\"frm_form_field form-field  frm_required_field frm_top_container frm6\">\r\n\t<label for=\"field_29yf4d2\" id=\"field_29yf4d2_label\" class=\"frm_primary_label\">Email\r\n\t\t<span class=\"frm_required\" aria-hidden=\"true\">*<\/span>\r\n\t<\/label>\r\n\t<input type=\"email\" id=\"field_29yf4d2\" name=\"item_meta[8]\" value=\"\"  data-reqmsg=\"Email cannot be blank.\" aria-required=\"true\" data-invmsg=\"Please enter a valid email address\" aria-invalid=\"false\"  \/>\r\n\t\r\n\t\r\n<\/div>\n<div id=\"frm_field_9_container\" class=\"frm_form_field form-field  frm_required_field frm_top_container frm_full\">\r\n\t<label for=\"field_e6lis62\" id=\"field_e6lis62_label\" class=\"frm_primary_label\">Asunto\r\n\t\t<span class=\"frm_required\" aria-hidden=\"true\">*<\/span>\r\n\t<\/label>\r\n\t<input type=\"text\" id=\"field_e6lis62\" name=\"item_meta[9]\" value=\"\"  data-reqmsg=\"Asunto cannot be blank.\" aria-required=\"true\" data-invmsg=\"Asunto is invalid\" aria-invalid=\"false\"  \/>\r\n\t\r\n\t\r\n<\/div>\n<div id=\"frm_field_10_container\" class=\"frm_form_field form-field  frm_required_field frm_top_container frm_full\">\r\n\t<label for=\"field_9jv0r12\" id=\"field_9jv0r12_label\" class=\"frm_primary_label\">Mensaje\r\n\t\t<span class=\"frm_required\" aria-hidden=\"true\">*<\/span>\r\n\t<\/label>\r\n\t<textarea name=\"item_meta[10]\" id=\"field_9jv0r12\" rows=\"5\"  data-reqmsg=\"Mensaje cannot be blank.\" aria-required=\"true\" data-invmsg=\"Mensaje is invalid\" aria-invalid=\"false\"  ><\/textarea>\r\n\t\r\n\t\r\n<\/div>\n<div id=\"frm_field_11_container\" class=\"frm_form_field form-field \">\r\n\t<div class=\"frm_submit\">\r\n\r\n<button class=\"frm_button_submit\" type=\"submit\"  >Enviar<\/button>\r\n\r\n<\/div>\r\n<\/div>\n\t<input type=\"hidden\" name=\"item_key\" value=\"\" \/>\n\t\t\t\t<div class=\"frm__67b86cd51703c\">\n\t\t\t\t<label for=\"frm_email_2\" >\n\t\t\t\t\tIf you are human, leave this field blank.\t\t\t\t<\/label>\n\t\t\t\t<input  id=\"frm_email_2\" type=\"text\" class=\"frm_verify\" name=\"frm__67b86cd51703c\" value=\"\" autocomplete=\"off\"  \/>\n\t\t\t<\/div>\n\t\t<\/div>\n<\/fieldset>\n<\/div>\n\n<\/form>\n<\/div>\n<\/div>\n\n\n\n<div class=\"wp-block-group alignfull has-background has-global-padding is-layout-constrained wp-container-core-group-is-layout-19e250f3 wp-block-group-is-layout-constrained\" style=\"background-color:#222222\">\n<div class=\"wp-block-columns is-layout-flex wp-container-core-columns-is-layout-28f84493 wp-block-columns-is-layout-flex\">\n<div class=\"wp-block-column is-layout-flow wp-block-column-is-layout-flow\" style=\"flex-basis:100%\">\n<div class=\"wp-block-group alignfull has-background has-global-padding is-layout-constrained wp-block-group-is-layout-constrained\" style=\"background-color:#222222\">\n<div class=\"wp-block-columns alignfull are-vertically-aligned-center has-background is-layout-flex wp-container-core-columns-is-layout-dd282781 wp-block-columns-is-layout-flex\" style=\"background-color:#222222;padding-top:0;padding-right:0;padding-bottom:0;padding-left:0\">\n<div class=\"wp-block-column is-vertically-aligned-center map-grayscale is-layout-flow wp-block-column-is-layout-flow\" style=\"flex-basis:50%\">\n<figure class=\"wp-block-image size-full is-resized has-custom-border is-style-rounded\"><a href=\"https:\/\/maps.app.goo.gl\/1qo1aJuvUDfnTcuV7\"><img loading=\"lazy\" decoding=\"async\" width=\"2684\" height=\"1646\" src=\"https:\/\/jbragrotech.com\/wp-content\/uploads\/2024\/04\/Captura-de-pantalla-2024-04-02-a-las-21.11.03.png\" alt=\"\" class=\"wp-image-104\" style=\"border-radius:9px;aspect-ratio:4\/3;object-fit:cover;width:528px;height:auto\" srcset=\"https:\/\/jbragrotech.com\/wp-content\/uploads\/2024\/04\/Captura-de-pantalla-2024-04-02-a-las-21.11.03.png 2684w, https:\/\/jbragrotech.com\/wp-content\/uploads\/2024\/04\/Captura-de-pantalla-2024-04-02-a-las-21.11.03-300x184.png 300w, https:\/\/jbragrotech.com\/wp-content\/uploads\/2024\/04\/Captura-de-pantalla-2024-04-02-a-las-21.11.03-1024x628.png 1024w, https:\/\/jbragrotech.com\/wp-content\/uploads\/2024\/04\/Captura-de-pantalla-2024-04-02-a-las-21.11.03-2000x1227.png 2000w\" sizes=\"auto, (max-width: 2684px) 100vw, 2684px\" \/><\/a><\/figure>\n<\/div>\n\n\n\n<div class=\"wp-block-column is-vertically-aligned-center has-background is-layout-flow wp-block-column-is-layout-flow\" style=\"background-color:#222222;padding-top:var(--wp--preset--spacing--small);padding-right:var(--wp--preset--spacing--small);padding-bottom:var(--wp--preset--spacing--small);padding-left:2%;flex-basis:50%\">\n<h3 class=\"wp-block-heading has-text-color has-link-color has-x-large-font-size wp-elements-095f7225cade0680cec02bf1db7b177d\" style=\"color:#005f4d\">JBR AGROTECH<\/h3>\n\n\n\n<h3 class=\"wp-block-heading has-white-color has-text-color has-link-color wp-elements-a754b33c8b013e315cee9ead108e66ae\"><strong>Direcci\u00f3n<\/strong><\/h3>\n\n\n\n<p class=\"has-white-color has-text-color has-link-color wp-elements-30c39e6d213958f57d5b1c4e50500e9a\">Calle Sierra de Loja, 9, 04240, Viator, Almer\u00eda, Espa\u00f1a<\/p>\n\n\n\n<h3 class=\"wp-block-heading has-white-color has-text-color has-link-color wp-elements-071fd47c48a898c01a400a17c9fbcc16\"><strong>Email<\/strong><\/h3>\n\n\n\n<p class=\"has-white-color has-text-color has-link-color wp-elements-65c48bbdd62d1350795f792569890971\">info@jbragrotech.com<\/p>\n\n\n\n<h3 class=\"wp-block-heading has-white-color has-text-color has-link-color wp-elements-3481ac8f63f2a7acca58f1670bb31b88\"><strong>Tel\u00e9fono <\/strong><\/h3>\n\n\n\n<p class=\"has-white-color has-text-color has-link-color wp-elements-3d57c84d7a5fe29514bbce93a21136f6\">+34 950 670 960<\/p>\n<\/div>\n<\/div>\n<\/div>\n<\/div>\n<\/div>\n<\/div>\n\n\n\n<div class=\"wp-block-group has-global-padding is-layout-constrained wp-block-group-is-layout-constrained\">\n<div style=\"height:0px\" aria-hidden=\"true\" class=\"wp-block-spacer\"><\/div>\n<\/div>\n","protected":false},"excerpt":{"rendered":"<p>CONTACTO JBR AGROTECH Direcci\u00f3n Calle Sierra de Loja, 9, 04240, Viator, Almer\u00eda, Espa\u00f1a Email info@jbragrotech.com Tel\u00e9fono +34 950 670 960<\/p>\n","protected":false},"author":1,"featured_media":0,"parent":0,"menu_order":0,"comment_status":"closed","ping_status":"closed","template":"","meta":{"footnotes":""},"class_list":["post-64","page","type-page","status-publish","hentry"],"yoast_head":"<!-- This site is optimized with the Yoast SEO plugin v22.8 - https:\/\/yoast.com\/wordpress\/plugins\/seo\/ -->\n<title>- Maquinaria Agr\u00edcola Innovadora | JBR Agrotech<\/title>\n<meta name=\"robots\" content=\"index, follow, max-snippet:-1, max-image-preview:large, max-video-preview:-1\" \/>\n<link rel=\"canonical\" href=\"https:\/\/jbragrotech.com\/index.php\/contacto-2\/\" \/>\n<meta property=\"og:locale\" content=\"en_US\" \/>\n<meta property=\"og:type\" content=\"article\" \/>\n<meta property=\"og:title\" content=\"- Maquinaria Agr\u00edcola Innovadora | JBR Agrotech\" \/>\n<meta property=\"og:description\" content=\"CONTACTO JBR AGROTECH Direcci\u00f3n Calle Sierra de Loja, 9, 04240, Viator, Almer\u00eda, Espa\u00f1a Email info@jbragrotech.com Tel\u00e9fono +34 950 670 960\" \/>\n<meta property=\"og:url\" content=\"https:\/\/jbragrotech.com\/index.php\/contacto-2\/\" \/>\n<meta property=\"og:site_name\" content=\"Maquinaria Agr\u00edcola Innovadora | JBR Agrotech\" \/>\n<meta property=\"article:modified_time\" content=\"2025-02-21T12:28:51+00:00\" \/>\n<meta property=\"og:image\" content=\"https:\/\/jbragrotech.com\/wp-content\/uploads\/2024\/04\/Captura-de-pantalla-2024-04-02-a-las-21.11.03.png\" \/>\n<meta name=\"twitter:card\" content=\"summary_large_image\" \/>\n<meta name=\"twitter:label1\" content=\"Est. reading time\" \/>\n\t<meta name=\"twitter:data1\" content=\"1 minute\" \/>\n<script type=\"application\/ld+json\" class=\"yoast-schema-graph\">{\"@context\":\"https:\/\/schema.org\",\"@graph\":[{\"@type\":\"WebPage\",\"@id\":\"https:\/\/jbragrotech.com\/index.php\/contacto-2\/\",\"url\":\"https:\/\/jbragrotech.com\/index.php\/contacto-2\/\",\"name\":\"- Maquinaria Agr\u00edcola Innovadora | JBR Agrotech\",\"isPartOf\":{\"@id\":\"https:\/\/jbragrotech.com\/#website\"},\"primaryImageOfPage\":{\"@id\":\"https:\/\/jbragrotech.com\/index.php\/contacto-2\/#primaryimage\"},\"image\":{\"@id\":\"https:\/\/jbragrotech.com\/index.php\/contacto-2\/#primaryimage\"},\"thumbnailUrl\":\"https:\/\/jbragrotech.com\/wp-content\/uploads\/2024\/04\/Captura-de-pantalla-2024-04-02-a-las-21.11.03.png\",\"datePublished\":\"2024-03-25T20:17:22+00:00\",\"dateModified\":\"2025-02-21T12:28:51+00:00\",\"inLanguage\":\"en-US\",\"potentialAction\":[{\"@type\":\"ReadAction\",\"target\":[\"https:\/\/jbragrotech.com\/index.php\/contacto-2\/\"]}]},{\"@type\":\"ImageObject\",\"inLanguage\":\"en-US\",\"@id\":\"https:\/\/jbragrotech.com\/index.php\/contacto-2\/#primaryimage\",\"url\":\"https:\/\/jbragrotech.com\/wp-content\/uploads\/2024\/04\/Captura-de-pantalla-2024-04-02-a-las-21.11.03.png\",\"contentUrl\":\"https:\/\/jbragrotech.com\/wp-content\/uploads\/2024\/04\/Captura-de-pantalla-2024-04-02-a-las-21.11.03.png\",\"width\":2684,\"height\":1646},{\"@type\":\"WebSite\",\"@id\":\"https:\/\/jbragrotech.com\/#website\",\"url\":\"https:\/\/jbragrotech.com\/\",\"name\":\"Maquinaria Agr\u00edcola Innovadora | JBR Agrotech\",\"description\":\"Descubre la mejor maquinaria agr\u00edcola dise\u00f1ada por JBR Agrotech para agricultores en espacios reducidos. Innovaci\u00f3n, eficiencia y alta calidad en soluciones tecnol\u00f3gicas para todo tipo de cultivos.\",\"publisher\":{\"@id\":\"https:\/\/jbragrotech.com\/#organization\"},\"potentialAction\":[{\"@type\":\"SearchAction\",\"target\":{\"@type\":\"EntryPoint\",\"urlTemplate\":\"https:\/\/jbragrotech.com\/?s={search_term_string}\"},\"query-input\":\"required name=search_term_string\"}],\"inLanguage\":\"en-US\"},{\"@type\":\"Organization\",\"@id\":\"https:\/\/jbragrotech.com\/#organization\",\"name\":\"Maquinaria Agr\u00edcola Innovadora | JBR Agrotech\",\"url\":\"https:\/\/jbragrotech.com\/\",\"logo\":{\"@type\":\"ImageObject\",\"inLanguage\":\"en-US\",\"@id\":\"https:\/\/jbragrotech.com\/#\/schema\/logo\/image\/\",\"url\":\"https:\/\/jbragrotech.com\/wp-content\/uploads\/2024\/04\/cropped-LOGO_VERDE__BLANCO_-removebg-preview.png\",\"contentUrl\":\"https:\/\/jbragrotech.com\/wp-content\/uploads\/2024\/04\/cropped-LOGO_VERDE__BLANCO_-removebg-preview.png\",\"width\":500,\"height\":299,\"caption\":\"Maquinaria Agr\u00edcola Innovadora | JBR Agrotech\"},\"image\":{\"@id\":\"https:\/\/jbragrotech.com\/#\/schema\/logo\/image\/\"}}]}<\/script>\n<!-- \/ Yoast SEO plugin. -->","yoast_head_json":{"title":"- Maquinaria Agr\u00edcola Innovadora | JBR Agrotech","robots":{"index":"index","follow":"follow","max-snippet":"max-snippet:-1","max-image-preview":"max-image-preview:large","max-video-preview":"max-video-preview:-1"},"canonical":"https:\/\/jbragrotech.com\/index.php\/contacto-2\/","og_locale":"en_US","og_type":"article","og_title":"- Maquinaria Agr\u00edcola Innovadora | JBR Agrotech","og_description":"CONTACTO JBR AGROTECH Direcci\u00f3n Calle Sierra de Loja, 9, 04240, Viator, Almer\u00eda, Espa\u00f1a Email info@jbragrotech.com Tel\u00e9fono +34 950 670 960","og_url":"https:\/\/jbragrotech.com\/index.php\/contacto-2\/","og_site_name":"Maquinaria Agr\u00edcola Innovadora | JBR Agrotech","article_modified_time":"2025-02-21T12:28:51+00:00","og_image":[{"url":"https:\/\/jbragrotech.com\/wp-content\/uploads\/2024\/04\/Captura-de-pantalla-2024-04-02-a-las-21.11.03.png"}],"twitter_card":"summary_large_image","twitter_misc":{"Est. reading time":"1 minute"},"schema":{"@context":"https:\/\/schema.org","@graph":[{"@type":"WebPage","@id":"https:\/\/jbragrotech.com\/index.php\/contacto-2\/","url":"https:\/\/jbragrotech.com\/index.php\/contacto-2\/","name":"- Maquinaria Agr\u00edcola Innovadora | JBR Agrotech","isPartOf":{"@id":"https:\/\/jbragrotech.com\/#website"},"primaryImageOfPage":{"@id":"https:\/\/jbragrotech.com\/index.php\/contacto-2\/#primaryimage"},"image":{"@id":"https:\/\/jbragrotech.com\/index.php\/contacto-2\/#primaryimage"},"thumbnailUrl":"https:\/\/jbragrotech.com\/wp-content\/uploads\/2024\/04\/Captura-de-pantalla-2024-04-02-a-las-21.11.03.png","datePublished":"2024-03-25T20:17:22+00:00","dateModified":"2025-02-21T12:28:51+00:00","inLanguage":"en-US","potentialAction":[{"@type":"ReadAction","target":["https:\/\/jbragrotech.com\/index.php\/contacto-2\/"]}]},{"@type":"ImageObject","inLanguage":"en-US","@id":"https:\/\/jbragrotech.com\/index.php\/contacto-2\/#primaryimage","url":"https:\/\/jbragrotech.com\/wp-content\/uploads\/2024\/04\/Captura-de-pantalla-2024-04-02-a-las-21.11.03.png","contentUrl":"https:\/\/jbragrotech.com\/wp-content\/uploads\/2024\/04\/Captura-de-pantalla-2024-04-02-a-las-21.11.03.png","width":2684,"height":1646},{"@type":"WebSite","@id":"https:\/\/jbragrotech.com\/#website","url":"https:\/\/jbragrotech.com\/","name":"Maquinaria Agr\u00edcola Innovadora | JBR Agrotech","description":"Descubre la mejor maquinaria agr\u00edcola dise\u00f1ada por JBR Agrotech para agricultores en espacios reducidos. Innovaci\u00f3n, eficiencia y alta calidad en soluciones tecnol\u00f3gicas para todo tipo de cultivos.","publisher":{"@id":"https:\/\/jbragrotech.com\/#organization"},"potentialAction":[{"@type":"SearchAction","target":{"@type":"EntryPoint","urlTemplate":"https:\/\/jbragrotech.com\/?s={search_term_string}"},"query-input":"required name=search_term_string"}],"inLanguage":"en-US"},{"@type":"Organization","@id":"https:\/\/jbragrotech.com\/#organization","name":"Maquinaria Agr\u00edcola Innovadora | JBR Agrotech","url":"https:\/\/jbragrotech.com\/","logo":{"@type":"ImageObject","inLanguage":"en-US","@id":"https:\/\/jbragrotech.com\/#\/schema\/logo\/image\/","url":"https:\/\/jbragrotech.com\/wp-content\/uploads\/2024\/04\/cropped-LOGO_VERDE__BLANCO_-removebg-preview.png","contentUrl":"https:\/\/jbragrotech.com\/wp-content\/uploads\/2024\/04\/cropped-LOGO_VERDE__BLANCO_-removebg-preview.png","width":500,"height":299,"caption":"Maquinaria Agr\u00edcola Innovadora | JBR Agrotech"},"image":{"@id":"https:\/\/jbragrotech.com\/#\/schema\/logo\/image\/"}}]}},"featured_media_urls":[],"_links":{"self":[{"href":"https:\/\/jbragrotech.com\/index.php\/wp-json\/wp\/v2\/pages\/64","targetHints":{"allow":["GET"]}}],"collection":[{"href":"https:\/\/jbragrotech.com\/index.php\/wp-json\/wp\/v2\/pages"}],"about":[{"href":"https:\/\/jbragrotech.com\/index.php\/wp-json\/wp\/v2\/types\/page"}],"author":[{"embeddable":true,"href":"https:\/\/jbragrotech.com\/index.php\/wp-json\/wp\/v2\/users\/1"}],"replies":[{"embeddable":true,"href":"https:\/\/jbragrotech.com\/index.php\/wp-json\/wp\/v2\/comments?post=64"}],"version-history":[{"count":45,"href":"https:\/\/jbragrotech.com\/index.php\/wp-json\/wp\/v2\/pages\/64\/revisions"}],"predecessor-version":[{"id":334,"href":"https:\/\/jbragrotech.com\/index.php\/wp-json\/wp\/v2\/pages\/64\/revisions\/334"}],"wp:attachment":[{"href":"https:\/\/jbragrotech.com\/index.php\/wp-json\/wp\/v2\/media?parent=64"}],"curies":[{"name":"wp","href":"https:\/\/api.w.org\/{rel}","templated":true}]}}